{"id":4775,"date":"2023-10-30T12:47:49","date_gmt":"2023-10-30T11:47:49","guid":{"rendered":"https:\/\/lesapprimeurs.com\/prestations\/"},"modified":"2024-07-15T15:15:25","modified_gmt":"2024-07-15T13:15:25","slug":"prestations","status":"publish","type":"page","link":"https:\/\/lesapprimeurs.com\/en\/prestations\/","title":{"rendered":"Services"},"content":{"rendered":"\n<h2 class=\"wp-block-heading\">Print and digital graphics services<\/h2>\n\n<p>Our creative team regularly works with various museums, institutions and publishing houses (Mus\u00e9um d&#8217;histoire naturelle, Parc zoologique de la ville de Paris, Mus\u00e9e de l&#8217;Homme, Institut Fran\u00e7ais, Gallimard Jeunesse, Vieilles Maisons Fran\u00e7aises, \u00c9ditions de l&#8217;Esplanade, etc.) to produce a range of print and digital layouts for a variety of media: illustrated books, magazines, albums, guides and leaflets, public displays, newsletters, mini-sites, web banners and communication campaigns for social networks, goodies, etc.<\/p>\n\n<figure class=\"wp-block-image size-full is-resized\"><img loading=\"lazy\" decoding=\"async\" width=\"943\" height=\"314\" src=\"https:\/\/lesapprimeurs.com\/wp-content\/uploads\/2023\/10\/Gall.png\" alt=\"\" class=\"wp-image-4543\" style=\"aspect-ratio:3.0031847133757963;width:823px;height:auto\" srcset=\"https:\/\/lesapprimeurs.com\/wp-content\/uploads\/2023\/10\/Gall.png 943w, https:\/\/lesapprimeurs.com\/wp-content\/uploads\/2023\/10\/Gall-480x160.png 480w\" sizes=\"(min-width: 0px) and (max-width: 480px) 480px, (min-width: 481px) 943px, 100vw\" \/><\/figure>\n\n<figure class=\"wp-block-image size-full\"><img loading=\"lazy\" decoding=\"async\" width=\"943\" height=\"429\" src=\"https:\/\/lesapprimeurs.com\/wp-content\/uploads\/2023\/10\/MNHN.png\" alt=\"\" class=\"wp-image-4545\" srcset=\"https:\/\/lesapprimeurs.com\/wp-content\/uploads\/2023\/10\/MNHN.png 943w, https:\/\/lesapprimeurs.com\/wp-content\/uploads\/2023\/10\/MNHN-480x218.png 480w\" sizes=\"(min-width: 0px) and (max-width: 480px) 480px, (min-width: 481px) 943px, 100vw\" \/><\/figure>\n\n<p><\/p>\n\n<h2 class=\"wp-block-heading\">Creation of educational content<\/h2>\n\n<p>Our various European projects have led us to create educational content in a variety of contexts and formats, systematically incorporating an innovative and accessible teaching approach:<\/p>\n\n<ul class=\"wp-block-list\">\n<li>Initial and continuing education, from kindergarten to adulthood, (with a particular focus on pupils aged 5 to 16),<\/li>\n\n\n\n<li>Teaching guides, lessons, interactive exercises, e-books, teaching packs, fact sheets, teaching videos, e-learning modules, MOOCs, escapes games, webradio for children&#8230;<\/li>\n<\/ul>\n\n<p>Our collaborations with French and European schools and specialised institutions have enabled us to acquire in-depth knowledge of the European reference frameworks for school education and to enrich our practices with the experience of foreign teachers. <\/p>\n\n<p> <\/p>\n","protected":false},"excerpt":{"rendered":"","protected":false},"author":3,"featured_media":0,"parent":0,"menu_order":0,"comment_status":"closed","ping_status":"closed","template":"","meta":{"_acf_changed":false,"_et_pb_use_builder":"off","_et_pb_old_content":"","_et_gb_content_width":"","footnotes":""},"class_list":["post-4775","page","type-page","status-publish","hentry"],"acf":[],"_links":{"self":[{"href":"https:\/\/lesapprimeurs.com\/en\/wp-json\/wp\/v2\/pages\/4775","targetHints":{"allow":["GET"]}}],"collection":[{"href":"https:\/\/lesapprimeurs.com\/en\/wp-json\/wp\/v2\/pages"}],"about":[{"href":"https:\/\/lesapprimeurs.com\/en\/wp-json\/wp\/v2\/types\/page"}],"author":[{"embeddable":true,"href":"https:\/\/lesapprimeurs.com\/en\/wp-json\/wp\/v2\/users\/3"}],"replies":[{"embeddable":true,"href":"https:\/\/lesapprimeurs.com\/en\/wp-json\/wp\/v2\/comments?post=4775"}],"version-history":[{"count":2,"href":"https:\/\/lesapprimeurs.com\/en\/wp-json\/wp\/v2\/pages\/4775\/revisions"}],"predecessor-version":[{"id":5093,"href":"https:\/\/lesapprimeurs.com\/en\/wp-json\/wp\/v2\/pages\/4775\/revisions\/5093"}],"wp:attachment":[{"href":"https:\/\/lesapprimeurs.com\/en\/wp-json\/wp\/v2\/media?parent=4775"}],"curies":[{"name":"wp","href":"https:\/\/api.w.org\/{rel}","templated":true}]}}